{"id":177,"date":"2025-02-13T10:46:50","date_gmt":"2025-02-13T09:46:50","guid":{"rendered":"https:\/\/www.lediana.com\/?page_id=177"},"modified":"2025-09-23T09:49:20","modified_gmt":"2025-09-23T07:49:20","slug":"legal-information","status":"publish","type":"page","link":"https:\/\/www.lediana.com\/en\/mentions-legales\/","title":{"rendered":"Legal information"},"content":{"rendered":"<div data-elementor-type=\"wp-page\" data-elementor-id=\"177\" class=\"elementor elementor-177\" data-elementor-post-type=\"page\">\n\t\t\t\t<div class=\"elementor-element elementor-element-0b77648 e-flex e-con-boxed e-con e-parent\" data-id=\"0b77648\" data-element_type=\"container\" data-e-type=\"container\" id=\"firstscreen\" data-settings=\"{&quot;background_background&quot;:&quot;classic&quot;}\">\n\t\t\t\t\t<div class=\"e-con-inner\">\n\t\t\t\t<div class=\"elementor-element elementor-element-812fb25 elementor-absolute elementor-widget elementor-widget-image\" data-id=\"812fb25\" data-element_type=\"widget\" data-e-type=\"widget\" data-settings=\"{&quot;_position&quot;:&quot;absolute&quot;}\" data-widget_type=\"image.default\">\n\t\t\t\t<div class=\"elementor-widget-container\">\n\t\t\t\t\t\t\t\t\t\t\t\t\t\t\t<img fetchpriority=\"high\" decoding=\"async\" width=\"716\" height=\"1024\" src=\"https:\/\/www.lediana.com\/wp-content\/uploads\/2025\/02\/haut-droit-mobile.svg\" class=\"attachment-large size-large wp-image-265\" alt=\"\" title=\"\">\t\t\t\t\t\t\t\t\t\t\t\t\t\t\t<\/div>\n\t\t\t\t<\/div>\n\t\t\t\t<div class=\"elementor-element elementor-element-f448bda elementor-absolute elementor-widget elementor-widget-image\" data-id=\"f448bda\" data-element_type=\"widget\" data-e-type=\"widget\" data-settings=\"{&quot;_position&quot;:&quot;absolute&quot;}\" data-widget_type=\"image.default\">\n\t\t\t\t<div class=\"elementor-widget-container\">\n\t\t\t\t\t\t\t\t\t\t\t\t\t\t\t<img decoding=\"async\" width=\"669\" height=\"1024\" src=\"https:\/\/www.lediana.com\/wp-content\/uploads\/2025\/02\/bas-gauche-mobile.svg\" class=\"attachment-large size-large wp-image-264\" alt=\"\" title=\"\">\t\t\t\t\t\t\t\t\t\t\t\t\t\t\t<\/div>\n\t\t\t\t<\/div>\n\t\t\t\t<div class=\"elementor-element elementor-element-da7f544 elementor-widget__width-initial elementor-widget elementor-widget-heading\" data-id=\"da7f544\" data-element_type=\"widget\" data-e-type=\"widget\" data-widget_type=\"heading.default\">\n\t\t\t\t<div class=\"elementor-widget-container\">\n\t\t\t\t\t<h1 class=\"elementor-heading-title elementor-size-default\">Legal information<\/h1>\t\t\t\t<\/div>\n\t\t\t\t<\/div>\n\t\t\t\t<div class=\"elementor-element elementor-element-201337e elementor-widget__width-inherit elementor-widget elementor-widget-text-editor\" data-id=\"201337e\" data-element_type=\"widget\" data-e-type=\"widget\" data-widget_type=\"text-editor.default\">\n\t\t\t\t<div class=\"elementor-widget-container\">\n\t\t\t\t\t\t\t\t\t<h4>Name of the operating company : Le Diana H\u00f4tel &amp; Spa<\/h4><h4>Telephone: +33 (0)2 97 52 05 38<\/h4><h4>Share capital: 651,000.00 Euros<\/h4><h4>Individual VAT identification number: FR12844693945<\/h4><h4>Siret number: 84469394500017<\/h4><h4>Photo credit: \u00a9LeDiana<\/h4><h4>Publication manager: Yanez<\/h4><h4>Contact email: contact@lediana.com<\/h4><p>\u00a0<\/p><p><strong>1. Purpose of the site<\/strong><\/p><p><br \/>The H\u00f4tel &amp; Spa Le Diana in Carnac website is intended to promote the establishment, provide information and collect personal data for the purposes of reservations and customer relationship management.<\/p><p>Liability<br \/>Publication manager: M. Yanez<br \/>Editorial manager: M. Yanez<br \/>Webmaster, design, editing, hosting :\u00a0<\/p><p>\u00a0<\/p><p><strong>2. Collection of personal data<\/strong><\/p><p><br \/>The H\u00f4tel &amp; Spa Le Diana in Carnac website collects personal data when you book and manage your stay.<\/p><p>In accordance with the French Data Protection Act, this website has been registered with the Commission Nationale de l'Informatique et des Libert\u00e9s (CNIL). You have the right to access, modify, rectify and delete your personal data. To exercise this right, please contact us at the following address: contact@lediana.com.<\/p><p>\u00a0<\/p><p><strong>3. Intellectual property rights<\/strong><\/p><p><br \/>All content on the H\u00f4tel &amp; Spa Le Diana website, including text, images, logos, videos and other elements, is protected by French law and international conventions on intellectual property.<\/p><p>Any reproduction, distribution or modification, in whole or in part, without the express permission of H\u00f4tel &amp; Spa Le Diana, is prohibited, except for private or family use.<\/p><p>\u00a0<\/p><p><strong>4. Disputes and mediation<\/strong><\/p><p><br \/>In the event of a dispute, please contact our customer service department to try to resolve the situation amicably.<\/p><p>If no amicable solution is found, the consumer may refer the matter free of charge to a consumer mediator, namely the Association of European Mediators (AME CONSO), within one (1) year of the written complaint sent to H\u00f4tel &amp; Spa Le Diana.<\/p><p>You can refer the matter to the Consumer Ombudsman:<\/p><p>Online, using the form available on the website: www.mediationconso-ame.com<\/p><p>By post to the following address<br \/>AME CONSO - 11 Place Dauphine - 75001 PARIS<\/p><p>\u00a0<\/p><p><strong>5. Applicable law and online dispute resolution<\/strong><\/p><p><br \/>In accordance with Article 14 of Regulation (EU) No 524\/2013, the European Commission provides a platform for online dispute resolution (ODR). You can access it via the following link:<br \/>\ud83d\udc49 https:\/\/ec.europa.eu\/consumers\/odr\/<\/p><p>\u00a0<\/p><p><strong>6. No right of withdrawal<\/strong><\/p><p><br \/>In accordance with article L.221-28 of the French Consumer Code, the right of withdrawal does not apply to accommodation services provided on a specific date or at specific intervals.<\/p><p>\u00a0<\/p><p><strong>7. Limited liability of the publisher<\/strong><\/p><p><br \/>The site publisher provides users with information and tools that it considers reliable. However, it cannot be held responsible for errors, the unavailability of functions or the presence of viruses on the site.<\/p><p>The information on this website is provided for information purposes only and is not intended to replace personal advice. The publisher does not guarantee the accuracy, completeness or timeliness of the information.<\/p><p>The site may contain links to external sites. The publisher accepts no responsibility for the content of these sites and cannot be held liable for any direct or indirect damage arising from their use.<\/p>\t\t\t\t\t\t\t\t<\/div>\n\t\t\t\t<\/div>\n\t\t\t\t\t<\/div>\n\t\t\t\t<\/div>\n\t\t\t\t<\/div>","protected":false},"excerpt":{"rendered":"<p>Mentions l\u00e9gales Raison sociale de la soci\u00e9t\u00e9 exploitante : Le Diana H\u00f4tel &amp; Spa T\u00e9l\u00e9phone : +33 (0)2 97 52 05 38 Capital social : 651 000,00 Euros Num\u00e9ro individuel d\u2019identification de TVA : FR12844693945 Num\u00e9ro de Siret : 84469394500017 Cr\u00e9dit photo : \u00a9LeDiana Directrice de la publication : Yanez Mail de contact : contact@lediana.com [&hellip;]<\/p>\n","protected":false},"author":13,"featured_media":0,"parent":0,"menu_order":0,"comment_status":"closed","ping_status":"closed","template":"","meta":{"inline_featured_image":false,"footnotes":""},"class_list":["post-177","page","type-page","status-publish","hentry"],"_links":{"self":[{"href":"https:\/\/www.lediana.com\/en\/wp-json\/wp\/v2\/pages\/177","targetHints":{"allow":["GET"]}}],"collection":[{"href":"https:\/\/www.lediana.com\/en\/wp-json\/wp\/v2\/pages"}],"about":[{"href":"https:\/\/www.lediana.com\/en\/wp-json\/wp\/v2\/types\/page"}],"author":[{"embeddable":true,"href":"https:\/\/www.lediana.com\/en\/wp-json\/wp\/v2\/users\/13"}],"replies":[{"embeddable":true,"href":"https:\/\/www.lediana.com\/en\/wp-json\/wp\/v2\/comments?post=177"}],"version-history":[{"count":43,"href":"https:\/\/www.lediana.com\/en\/wp-json\/wp\/v2\/pages\/177\/revisions"}],"predecessor-version":[{"id":4190,"href":"https:\/\/www.lediana.com\/en\/wp-json\/wp\/v2\/pages\/177\/revisions\/4190"}],"wp:attachment":[{"href":"https:\/\/www.lediana.com\/en\/wp-json\/wp\/v2\/media?parent=177"}],"curies":[{"name":"wp","href":"https:\/\/api.w.org\/{rel}","templated":true}]}}