{"id":124,"date":"2025-02-12T17:00:29","date_gmt":"2025-02-12T16:00:29","guid":{"rendered":"https:\/\/www.lediana.com\/?page_id=124"},"modified":"2025-05-30T16:55:33","modified_gmt":"2025-05-30T14:55:33","slug":"access-contact","status":"publish","type":"page","link":"https:\/\/www.lediana.com\/en\/acces-contact\/","title":{"rendered":"Access &amp; contact"},"content":{"rendered":"<div data-elementor-type=\"wp-page\" data-elementor-id=\"124\" class=\"elementor elementor-124\" data-elementor-post-type=\"page\">\n\t\t\t\t<div class=\"elementor-element elementor-element-ff9b7a5 e-flex e-con-boxed e-con e-parent\" data-id=\"ff9b7a5\" data-element_type=\"container\" data-e-type=\"container\" data-settings=\"{&quot;background_background&quot;:&quot;classic&quot;}\">\n\t\t\t\t\t<div class=\"e-con-inner\">\n\t\t\t\t<div class=\"elementor-element elementor-element-5341a10 elementor-widget elementor-widget-heading\" data-id=\"5341a10\" data-element_type=\"widget\" data-e-type=\"widget\" data-widget_type=\"heading.default\">\n\t\t\t\t<div class=\"elementor-widget-container\">\n\t\t\t\t\t<h1 class=\"elementor-heading-title elementor-size-default\">access &amp; contact<\/h1>\t\t\t\t<\/div>\n\t\t\t\t<\/div>\n\t\t\t\t\t<\/div>\n\t\t\t\t<\/div>\n\t\t<div class=\"elementor-element elementor-element-c708e49 e-flex e-con-boxed e-con e-parent\" data-id=\"c708e49\" data-element_type=\"container\" data-e-type=\"container\" id=\"firstscreen\" data-settings=\"{&quot;background_background&quot;:&quot;classic&quot;}\">\n\t\t\t\t\t<div class=\"e-con-inner\">\n\t\t\t\t<div class=\"elementor-element elementor-element-78922c4 elementor-widget__width-initial elementor-widget elementor-widget-image\" data-id=\"78922c4\" data-element_type=\"widget\" data-e-type=\"widget\" data-widget_type=\"image.default\">\n\t\t\t\t<div class=\"elementor-widget-container\">\n\t\t\t\t\t\t\t\t\t\t\t\t\t\t\t<img fetchpriority=\"high\" decoding=\"async\" width=\"1916\" height=\"2560\" src=\"https:\/\/www.lediana.com\/wp-content\/uploads\/2025\/02\/IMG_20240531_103001-scaled.jpg\" class=\"attachment-full size-full wp-image-3085\" alt=\"\" srcset=\"https:\/\/www.lediana.com\/wp-content\/uploads\/2025\/02\/IMG_20240531_103001-scaled.jpg 1916w, https:\/\/www.lediana.com\/wp-content\/uploads\/2025\/02\/IMG_20240531_103001-224x300.jpg 224w, https:\/\/www.lediana.com\/wp-content\/uploads\/2025\/02\/IMG_20240531_103001-766x1024.jpg 766w, https:\/\/www.lediana.com\/wp-content\/uploads\/2025\/02\/IMG_20240531_103001-768x1026.jpg 768w, https:\/\/www.lediana.com\/wp-content\/uploads\/2025\/02\/IMG_20240531_103001-1149x1536.jpg 1149w, https:\/\/www.lediana.com\/wp-content\/uploads\/2025\/02\/IMG_20240531_103001-1532x2048.jpg 1532w, https:\/\/www.lediana.com\/wp-content\/uploads\/2025\/02\/IMG_20240531_103001-9x12.jpg 9w\" sizes=\"(max-width: 1916px) 100vw, 1916px\" title=\"\">\t\t\t\t\t\t\t\t\t\t\t\t\t\t\t<\/div>\n\t\t\t\t<\/div>\n\t\t\t\t<div class=\"elementor-element elementor-element-5965b6d elementor-absolute elementor-widget__width-auto elementor-widget elementor-widget-image\" data-id=\"5965b6d\" data-element_type=\"widget\" data-e-type=\"widget\" data-settings=\"{&quot;_position&quot;:&quot;absolute&quot;}\" data-widget_type=\"image.default\">\n\t\t\t\t<div class=\"elementor-widget-container\">\n\t\t\t\t\t\t\t\t\t\t\t\t\t\t\t<img decoding=\"async\" width=\"716\" height=\"1024\" src=\"https:\/\/www.lediana.com\/wp-content\/uploads\/2025\/02\/haut-droit-mobile.svg\" class=\"attachment-large size-large wp-image-265\" alt=\"\" title=\"\">\t\t\t\t\t\t\t\t\t\t\t\t\t\t\t<\/div>\n\t\t\t\t<\/div>\n\t\t\t\t<div class=\"elementor-element elementor-element-f7a6abc elementor-absolute elementor-widget__width-auto elementor-widget elementor-widget-image\" data-id=\"f7a6abc\" data-element_type=\"widget\" data-e-type=\"widget\" data-settings=\"{&quot;_position&quot;:&quot;absolute&quot;}\" data-widget_type=\"image.default\">\n\t\t\t\t<div class=\"elementor-widget-container\">\n\t\t\t\t\t\t\t\t\t\t\t\t\t\t\t<img decoding=\"async\" width=\"669\" height=\"1024\" src=\"https:\/\/www.lediana.com\/wp-content\/uploads\/2025\/02\/bas-gauche-mobile.svg\" class=\"attachment-large size-large wp-image-264\" alt=\"\" title=\"\">\t\t\t\t\t\t\t\t\t\t\t\t\t\t\t<\/div>\n\t\t\t\t<\/div>\n\t\t<div class=\"elementor-element elementor-element-b3d9b8a e-con-full chambres-titre e-flex e-con e-child\" data-id=\"b3d9b8a\" data-element_type=\"container\" data-e-type=\"container\">\n\t\t\t\t<div class=\"elementor-element elementor-element-31b63c2 elementor-widget elementor-widget-heading\" data-id=\"31b63c2\" data-element_type=\"widget\" data-e-type=\"widget\" data-widget_type=\"heading.default\">\n\t\t\t\t<div class=\"elementor-widget-container\">\n\t\t\t\t\t<span class=\"elementor-heading-title elementor-size-default\">How to<\/span>\t\t\t\t<\/div>\n\t\t\t\t<\/div>\n\t\t\t\t<div class=\"elementor-element elementor-element-996dba3 elementor-widget elementor-widget-heading\" data-id=\"996dba3\" data-element_type=\"widget\" data-e-type=\"widget\" data-widget_type=\"heading.default\">\n\t\t\t\t<div class=\"elementor-widget-container\">\n\t\t\t\t\t<h2 class=\"elementor-heading-title elementor-size-default\">to our hotel?<\/h2>\t\t\t\t<\/div>\n\t\t\t\t<\/div>\n\t\t\t\t<\/div>\n\t\t<div class=\"elementor-element elementor-element-0207447 e-con-full e-flex e-con e-child\" data-id=\"0207447\" data-element_type=\"container\" data-e-type=\"container\">\n\t\t<div class=\"elementor-element elementor-element-ca3ce19 e-con-full e-flex e-con e-child\" data-id=\"ca3ce19\" data-element_type=\"container\" data-e-type=\"container\">\n\t\t\t\t<div class=\"elementor-element elementor-element-5114c13 elementor-widget elementor-widget-text-editor\" data-id=\"5114c13\" data-element_type=\"widget\" data-e-type=\"widget\" data-widget_type=\"text-editor.default\">\n\t\t\t\t<div class=\"elementor-widget-container\">\n\t\t\t\t\t\t\t\t\t<p>Feet<\/p>\t\t\t\t\t\t\t\t<\/div>\n\t\t\t\t<\/div>\n\t\t\t\t<div class=\"elementor-element elementor-element-b6583b6 elementor-widget elementor-widget-text-editor\" data-id=\"b6583b6\" data-element_type=\"widget\" data-e-type=\"widget\" data-widget_type=\"text-editor.default\">\n\t\t\t\t<div class=\"elementor-widget-container\">\n\t\t\t\t\t\t\t\t\t<ul><li>5 m from the beach<\/li><li>50 m from the centre of Carnac Plage<\/li><li>300 m from the port<\/li><\/ul>\t\t\t\t\t\t\t\t<\/div>\n\t\t\t\t<\/div>\n\t\t\t\t<\/div>\n\t\t<div class=\"elementor-element elementor-element-da07108 e-con-full e-flex e-con e-child\" data-id=\"da07108\" data-element_type=\"container\" data-e-type=\"container\">\n\t\t\t\t<div class=\"elementor-element elementor-element-9d33e08 elementor-widget elementor-widget-text-editor\" data-id=\"9d33e08\" data-element_type=\"widget\" data-e-type=\"widget\" data-widget_type=\"text-editor.default\">\n\t\t\t\t<div class=\"elementor-widget-container\">\n\t\t\t\t\t\t\t\t\t<p>By car<\/p>\t\t\t\t\t\t\t\t<\/div>\n\t\t\t\t<\/div>\n\t\t\t\t<div class=\"elementor-element elementor-element-c1e8889 elementor-widget elementor-widget-text-editor\" data-id=\"c1e8889\" data-element_type=\"widget\" data-e-type=\"widget\" data-widget_type=\"text-editor.default\">\n\t\t\t\t<div class=\"elementor-widget-container\">\n\t\t\t\t\t\t\t\t\t<div>Paris\/Rennes A11 motorway<\/div><ul><li>Expressway from Rennes<\/li><li>Direction Lorient-Auray then exit Carnac<\/li><li>Lorient-Nantes dual carriageway Carnac exit<\/li><\/ul>\t\t\t\t\t\t\t\t<\/div>\n\t\t\t\t<\/div>\n\t\t\t\t<\/div>\n\t\t<div class=\"elementor-element elementor-element-98e8744 e-con-full e-flex e-con e-child\" data-id=\"98e8744\" data-element_type=\"container\" data-e-type=\"container\">\n\t\t\t\t<div class=\"elementor-element elementor-element-a16c332 elementor-widget elementor-widget-text-editor\" data-id=\"a16c332\" data-element_type=\"widget\" data-e-type=\"widget\" data-widget_type=\"text-editor.default\">\n\t\t\t\t<div class=\"elementor-widget-container\">\n\t\t\t\t\t\t\t\t\t<p>By plane<\/p>\t\t\t\t\t\t\t\t<\/div>\n\t\t\t\t<\/div>\n\t\t\t\t<div class=\"elementor-element elementor-element-2691865 elementor-widget__width-initial elementor-widget elementor-widget-text-editor\" data-id=\"2691865\" data-element_type=\"widget\" data-e-type=\"widget\" data-widget_type=\"text-editor.default\">\n\t\t\t\t<div class=\"elementor-widget-container\">\n\t\t\t\t\t\t\t\t\t<ul><li>Lorient Lann Bihou\u00e9 Airport - 02 97 87 21 50<\/li><li>Nantes Atlantique Airport - 02 40 84 80 00<\/li><li>Vannes Golfe du Morbihan Airport - 02 97 60 78 79<\/li><\/ul>\t\t\t\t\t\t\t\t<\/div>\n\t\t\t\t<\/div>\n\t\t\t\t<\/div>\n\t\t\t\t<\/div>\n\t\t\t\t\t<\/div>\n\t\t\t\t<\/div>\n\t\t<div class=\"elementor-element elementor-element-101424b e-flex e-con-boxed e-con e-parent\" data-id=\"101424b\" data-element_type=\"container\" data-e-type=\"container\">\n\t\t\t\t\t<div class=\"e-con-inner\">\n\t\t<div class=\"elementor-element elementor-element-c8f1108 e-con-full chambres-titre e-flex e-con e-child\" data-id=\"c8f1108\" data-element_type=\"container\" data-e-type=\"container\">\n\t\t\t\t<div class=\"elementor-element elementor-element-e5e1bee elementor-widget elementor-widget-heading\" data-id=\"e5e1bee\" data-element_type=\"widget\" data-e-type=\"widget\" data-widget_type=\"heading.default\">\n\t\t\t\t<div class=\"elementor-widget-container\">\n\t\t\t\t\t<span class=\"elementor-heading-title elementor-size-default\">We<\/span>\t\t\t\t<\/div>\n\t\t\t\t<\/div>\n\t\t\t\t<div class=\"elementor-element elementor-element-dfb60de elementor-widget elementor-widget-heading\" data-id=\"dfb60de\" data-element_type=\"widget\" data-e-type=\"widget\" data-widget_type=\"heading.default\">\n\t\t\t\t<div class=\"elementor-widget-container\">\n\t\t\t\t\t<p class=\"elementor-heading-title elementor-size-default\">Contact<\/p>\t\t\t\t<\/div>\n\t\t\t\t<\/div>\n\t\t\t\t<div class=\"elementor-element elementor-element-95535cf elementor-widget__width-initial elementor-widget elementor-widget-heading\" data-id=\"95535cf\" data-element_type=\"widget\" data-e-type=\"widget\" data-widget_type=\"heading.default\">\n\t\t\t\t<div class=\"elementor-widget-container\">\n\t\t\t\t\t<p class=\"elementor-heading-title elementor-size-default\">Le Diana Hotel<\/br>\n21 Boulevard de la Plage<\/br>\nCARNAC, 56340 FRANCE<\/br>\nTEL : +33 (0)2 97 52 05 38<\/br>\nMAIL: contact@lediana.com<\/br><\/p>\t\t\t\t<\/div>\n\t\t\t\t<\/div>\n\t\t\t\t<\/div>\n\t\t\t\t\t<\/div>\n\t\t\t\t<\/div>\n\t\t\t\t<\/div>","protected":false},"excerpt":{"rendered":"<p>acc\u00e8s &#038; contact Comment acc\u00e9der \u00e0 notre h\u00f4tel ? A pieds 5 m de la plage 50 m du centre de Carnac Plage 300 m du port En voiture Autoroute Paris\/Rennes A11 Voie rapide depuis Rennes Direction Lorient-Auray puis sortie Carnac Voie rapide Lorient-Nantes sortie Carnac En avion A\u00e9roport de Lorient Lann Bihou\u00e9 &#8211; 02 [&hellip;]<\/p>\n","protected":false},"author":13,"featured_media":0,"parent":0,"menu_order":0,"comment_status":"closed","ping_status":"closed","template":"","meta":{"inline_featured_image":false,"footnotes":""},"class_list":["post-124","page","type-page","status-publish","hentry"],"_links":{"self":[{"href":"https:\/\/www.lediana.com\/en\/wp-json\/wp\/v2\/pages\/124","targetHints":{"allow":["GET"]}}],"collection":[{"href":"https:\/\/www.lediana.com\/en\/wp-json\/wp\/v2\/pages"}],"about":[{"href":"https:\/\/www.lediana.com\/en\/wp-json\/wp\/v2\/types\/page"}],"author":[{"embeddable":true,"href":"https:\/\/www.lediana.com\/en\/wp-json\/wp\/v2\/users\/13"}],"replies":[{"embeddable":true,"href":"https:\/\/www.lediana.com\/en\/wp-json\/wp\/v2\/comments?post=124"}],"version-history":[{"count":64,"href":"https:\/\/www.lediana.com\/en\/wp-json\/wp\/v2\/pages\/124\/revisions"}],"predecessor-version":[{"id":3810,"href":"https:\/\/www.lediana.com\/en\/wp-json\/wp\/v2\/pages\/124\/revisions\/3810"}],"wp:attachment":[{"href":"https:\/\/www.lediana.com\/en\/wp-json\/wp\/v2\/media?parent=124"}],"curies":[{"name":"wp","href":"https:\/\/api.w.org\/{rel}","templated":true}]}}